{"id":3549,"date":"2025-03-26T12:54:25","date_gmt":"2025-03-26T15:54:25","guid":{"rendered":"https:\/\/hoteles-terrado-website.dmeat.cl\/politicas-de-privacidad\/"},"modified":"2025-05-28T14:31:18","modified_gmt":"2025-05-28T17:31:18","slug":"politicas-de-privacidad","status":"publish","type":"page","link":"https:\/\/terrado.cl\/en\/politicas-de-privacidad\/","title":{"rendered":"Pol\u00edticas de Privacidad"},"content":{"rendered":"<p> Terminos y condiciones #[Counter].PRIVACY POLICIES.\u00daltima Actualizaci\u00f3n: 20 de marzo de 2025..<\/p>\n","protected":false},"excerpt":{"rendered":"<p>Terminos y condiciones #[Counter].PRIVACY POLICIES.\u00daltima Actualizaci\u00f3n: 20 de marzo de 2025..<\/p>\n","protected":false},"author":1,"featured_media":0,"parent":0,"menu_order":0,"comment_status":"closed","ping_status":"closed","template":"privacy-policies","meta":{"_acf_changed":false,"footnotes":""},"class_list":["post-3549","page","type-page","status-publish","hentry"],"acf":[],"_links":{"self":[{"href":"https:\/\/terrado.cl\/en\/wp-json\/wp\/v2\/pages\/3549","targetHints":{"allow":["GET"]}}],"collection":[{"href":"https:\/\/terrado.cl\/en\/wp-json\/wp\/v2\/pages"}],"about":[{"href":"https:\/\/terrado.cl\/en\/wp-json\/wp\/v2\/types\/page"}],"author":[{"embeddable":true,"href":"https:\/\/terrado.cl\/en\/wp-json\/wp\/v2\/users\/1"}],"replies":[{"embeddable":true,"href":"https:\/\/terrado.cl\/en\/wp-json\/wp\/v2\/comments?post=3549"}],"version-history":[{"count":2,"href":"https:\/\/terrado.cl\/en\/wp-json\/wp\/v2\/pages\/3549\/revisions"}],"predecessor-version":[{"id":4978,"href":"https:\/\/terrado.cl\/en\/wp-json\/wp\/v2\/pages\/3549\/revisions\/4978"}],"wp:attachment":[{"href":"https:\/\/terrado.cl\/en\/wp-json\/wp\/v2\/media?parent=3549"}],"curies":[{"name":"wp","href":"https:\/\/api.w.org\/{rel}","templated":true}]}}