{"id":3541,"date":"2025-03-26T22:01:08","date_gmt":"2025-03-27T01:01:08","guid":{"rendered":"https:\/\/hoteles-terrado-website.dmeat.cl\/corporativo\/"},"modified":"2025-05-28T13:33:34","modified_gmt":"2025-05-28T16:33:34","slug":"corporativo","status":"publish","type":"page","link":"https:\/\/terrado.cl\/en\/corporativo\/","title":{"rendered":"Corporate"},"content":{"rendered":"<p>Corporate..INTRODUCTION .<b>\u00a0<\/b><span style=\"font-weight: 400;\">Accommodations at the highest level, just like your company deserves<\/span>.At Hotel Terrado, we understand the needs of your company and your employees. That&#8217;s why we offer corporate arrangements with preferential rates, strategic locations and services designed to guarantee comfort and efficiency in every business trip..Hotels.Terrado Suites Antofagasta.Baquedano 015, Antofagasta, Chile.Apart 56 By Terrado Antofagasta.Av. Balmaceda #2455, Antofagasta, Chile..Hotel Terrado Cavancha. Tadeo Haenke 1010, Iquique, Chile.Make it unforgettable.<span style=\"font-weight: 400;\">Benefits and <em>advantages of our events<\/em><\/span>.Productivity and comfort for your company in every stay&#8230;Personalized service.Exceptional location.Catering service.Flexible capacity.Accommodation options.Contact.Hotel Terrado Suites Iquique .Capit\u00e1n Roberto P\u00e9rez 126, Iquique, Chile.Terrado Arturo Prat.Av. An\u00edbal Pinto 695, Iquique, Chile.Apart 56 By Terrado Iquique.Luiz Emilio Recabarren 2873, Iquique, Chile.Terrado Rancagua.Av. Nueva Alberto Einstein 290, Piso 4, Rancagua, Chile<\/p>\n","protected":false},"excerpt":{"rendered":"<p>Corporate..INTRODUCTION .\u00a0Accommodations at the highest level, just like your company deserves.At Hotel Terrado, we understand the needs of your company and your employees. That&#8217;s why we offer corporate arrangements with preferential rates, strategic locations and services designed to guarantee comfort and efficiency in every business trip..Hotels.Terrado Suites Antofagasta.Baquedano 015, Antofagasta, Chile.Apart 56 By Terrado Antofagasta.Av. [&hellip;]<\/p>\n","protected":false},"author":1,"featured_media":0,"parent":0,"menu_order":0,"comment_status":"closed","ping_status":"closed","template":"custom-template","meta":{"_acf_changed":false,"footnotes":""},"class_list":["post-3541","page","type-page","status-publish","hentry"],"acf":[],"_links":{"self":[{"href":"https:\/\/terrado.cl\/en\/wp-json\/wp\/v2\/pages\/3541","targetHints":{"allow":["GET"]}}],"collection":[{"href":"https:\/\/terrado.cl\/en\/wp-json\/wp\/v2\/pages"}],"about":[{"href":"https:\/\/terrado.cl\/en\/wp-json\/wp\/v2\/types\/page"}],"author":[{"embeddable":true,"href":"https:\/\/terrado.cl\/en\/wp-json\/wp\/v2\/users\/1"}],"replies":[{"embeddable":true,"href":"https:\/\/terrado.cl\/en\/wp-json\/wp\/v2\/comments?post=3541"}],"version-history":[{"count":7,"href":"https:\/\/terrado.cl\/en\/wp-json\/wp\/v2\/pages\/3541\/revisions"}],"predecessor-version":[{"id":4966,"href":"https:\/\/terrado.cl\/en\/wp-json\/wp\/v2\/pages\/3541\/revisions\/4966"}],"wp:attachment":[{"href":"https:\/\/terrado.cl\/en\/wp-json\/wp\/v2\/media?parent=3541"}],"curies":[{"name":"wp","href":"https:\/\/api.w.org\/{rel}","templated":true}]}}